{"id":2425,"date":"2026-05-05T13:03:06","date_gmt":"2026-05-05T11:03:06","guid":{"rendered":"https:\/\/www.colchoneslospinos.com\/?post_type=product&#038;p=2425"},"modified":"2026-05-05T13:27:40","modified_gmt":"2026-05-05T11:27:40","slug":"tapibase-glamour","status":"publish","type":"product","link":"https:\/\/www.colchoneslospinos.com\/?product=tapibase-glamour","title":{"rendered":"Tapibase Glamour"},"content":{"rendered":"<div class=\"textoFichaDescripcion\">\n<p>La\u00a0<strong>Tapibase Glamour de Sonpura<\/strong>, presenta un elegante dise\u00f1o con\u00a0<strong>esquinas redondeadas\u00a0<\/strong>y tapizado en<strong>\u00a0tejido polipiel \u00f3 tela.\u00a0<\/strong>Podr\u00e1s elegir entre una<strong>\u00a0amplia gama\u00a0<\/strong>de acabados.\u00a0Es\u00a0<strong>transpirable<\/strong>\u00a0en la\u00a0<strong>zona central<\/strong>\u00a0gracias a su tejido\u00a0<strong>3D.\u00a0<\/strong>Compuesta por un\u00a0<strong>marco robusto<\/strong>\u00a0de 8 cm. de grosor, que aporta solidez y estabilidad.<\/p>\n<p>Cuenta con una\u00a0<strong>estructura met\u00e1lica<\/strong>\u00a0de 1.5 mm de grosor con acabados\u00a0<strong>anticorrosi\u00f3n.\u00a0<\/strong>Destaca su sistema nuevo patentado\u00a0<strong>Basefix<\/strong>\u00a0de patas que sujetan el bastidor abraz\u00e1ndolo y as\u00ed\u00a0<strong>minimizan<\/strong>\u00a0el\u00a0<strong>bamboleo de la base.<\/strong><\/p>\n<p><strong>Si compras un pack<\/strong>\u00a0\u00abcolch\u00f3n m\u00e1s base tapizada o canap\u00e9 de Sonpura\u00bb tu\u00a0<strong>garant\u00eda\u00a0<\/strong>de compra se ampl\u00eda de 3 a<strong>\u00a05 a\u00f1os<\/strong>, y adem\u00e1s, el\u00a0<strong>descuento del canap\u00e9<\/strong>\u00a0pasa de un 30% a un\u00a0<strong>45%.<\/strong><\/p>\n<\/div>\n<div class=\"botonesSocialesFicha\">\n<div>\n<div id=\"st-1\" class=\"sharethis-inline-follow-buttons st-inline-follow-buttons st-#{action_pos} st-animated\">\n<div class=\"st-btn st-first st-last\" title=\"compartir en INSTAGRAM\" data-network=\"instagram\">\n<div class=\"textoFichaDescripcion\">\n<p><img fetchpriority=\"high\" decoding=\"async\" class=\"\" src=\"https:\/\/www.colchones.es\/galeria\/articulos\/1034_3_sec_8.jpg\" width=\"443\" height=\"190\" \/><\/p>\n<\/div>\n<div class=\"botonesSocialesFicha\">\n<div>\n<div id=\"st-1\" class=\"sharethis-inline-follow-buttons st-inline-follow-buttons st-#{action_pos} st-animated\">\n<div class=\"st-btn st-first st-last\" title=\"compartir en INSTAGRAM\" data-network=\"instagram\"><img decoding=\"async\" src=\"https:\/\/platform-cdn.sharethis.com\/img\/instagram.svg\" alt=\"instagram sharing button\" \/><\/div>\n<\/div>\n<\/div>\n<\/div>\n<\/div>\n<\/div>\n<\/div>\n<\/div>\n","protected":false},"excerpt":{"rendered":"<p>Tapibase GLAMOUR<\/p>\n","protected":false},"featured_media":2450,"comment_status":"open","ping_status":"closed","template":"","meta":{"site-sidebar-layout":"default","site-content-layout":"","ast-site-content-layout":"default","site-content-style":"default","site-sidebar-style":"default","ast-global-header-display":"","ast-banner-title-visibility":"","ast-main-header-display":"","ast-hfb-above-header-display":"","ast-hfb-below-header-display":"","ast-hfb-mobile-header-display":"","site-post-title":"","ast-breadcrumbs-content":"","ast-featured-img":"","footer-sml-layout":"","theme-transparent-header-meta":"default","adv-header-id-meta":"","stick-header-meta":"","header-above-stick-meta":"","header-main-stick-meta":"","header-below-stick-meta":"","astra-migrate-meta-layouts":"set","ast-page-background-enabled":"default","ast-page-background-meta":{"desktop":{"background-color":"var(--ast-global-color-5)","background-image":"","background-repeat":"repeat","background-position":"center center","background-size":"auto","background-attachment":"scroll","background-type":"","background-media":"","overlay-type":"","overlay-color":"","overlay-opacity":"","overlay-gradient":""},"tablet":{"background-color":"","background-image":"","background-repeat":"repeat","background-position":"center center","background-size":"auto","background-attachment":"scroll","background-type":"","background-media":"","overlay-type":"","overlay-color":"","overlay-opacity":"","overlay-gradient":""},"mobile":{"background-color":"","background-image":"","background-repeat":"repeat","background-position":"center center","background-size":"auto","background-attachment":"scroll","background-type":"","background-media":"","overlay-type":"","overlay-color":"","overlay-opacity":"","overlay-gradient":""}},"ast-content-background-meta":{"desktop":{"background-color":"var(--ast-global-color-4)","background-image":"","background-repeat":"repeat","background-position":"center center","background-size":"auto","background-attachment":"scroll","background-type":"","background-media":"","overlay-type":"","overlay-color":"","overlay-opacity":"","overlay-gradient":""},"tablet":{"background-color":"var(--ast-global-color-4)","background-image":"","background-repeat":"repeat","background-position":"center center","background-size":"auto","background-attachment":"scroll","background-type":"","background-media":"","overlay-type":"","overlay-color":"","overlay-opacity":"","overlay-gradient":""},"mobile":{"background-color":"var(--ast-global-color-4)","background-image":"","background-repeat":"repeat","background-position":"center center","background-size":"auto","background-attachment":"scroll","background-type":"","background-media":"","overlay-type":"","overlay-color":"","overlay-opacity":"","overlay-gradient":""}}},"product_brand":[49],"product_cat":[52,57],"product_tag":[19],"class_list":{"0":"post-2425","1":"product","2":"type-product","3":"status-publish","4":"has-post-thumbnail","6":"product_brand-sonpura","7":"product_cat-bases","8":"product_cat-somieresybases","9":"product_tag-muelle-ensacado","10":"desktop-align-left","11":"tablet-align-left","12":"mobile-align-left","14":"first","15":"instock","16":"sale","17":"shipping-taxable","18":"purchasable","19":"product-type-variable"},"_links":{"self":[{"href":"https:\/\/www.colchoneslospinos.com\/index.php?rest_route=\/wp\/v2\/product\/2425","targetHints":{"allow":["GET"]}}],"collection":[{"href":"https:\/\/www.colchoneslospinos.com\/index.php?rest_route=\/wp\/v2\/product"}],"about":[{"href":"https:\/\/www.colchoneslospinos.com\/index.php?rest_route=\/wp\/v2\/types\/product"}],"replies":[{"embeddable":true,"href":"https:\/\/www.colchoneslospinos.com\/index.php?rest_route=%2Fwp%2Fv2%2Fcomments&post=2425"}],"wp:featuredmedia":[{"embeddable":true,"href":"https:\/\/www.colchoneslospinos.com\/index.php?rest_route=\/wp\/v2\/media\/2450"}],"wp:attachment":[{"href":"https:\/\/www.colchoneslospinos.com\/index.php?rest_route=%2Fwp%2Fv2%2Fmedia&parent=2425"}],"wp:term":[{"taxonomy":"product_brand","embeddable":true,"href":"https:\/\/www.colchoneslospinos.com\/index.php?rest_route=%2Fwp%2Fv2%2Fproduct_brand&post=2425"},{"taxonomy":"product_cat","embeddable":true,"href":"https:\/\/www.colchoneslospinos.com\/index.php?rest_route=%2Fwp%2Fv2%2Fproduct_cat&post=2425"},{"taxonomy":"product_tag","embeddable":true,"href":"https:\/\/www.colchoneslospinos.com\/index.php?rest_route=%2Fwp%2Fv2%2Fproduct_tag&post=2425"}],"curies":[{"name":"wp","href":"https:\/\/api.w.org\/{rel}","templated":true}]}}