{"id":2454,"date":"2026-05-05T13:17:49","date_gmt":"2026-05-05T11:17:49","guid":{"rendered":"https:\/\/www.colchoneslospinos.com\/?post_type=product&#038;p=2454"},"modified":"2026-05-05T17:49:07","modified_gmt":"2026-05-05T15:49:07","slug":"tapibase-essence","status":"publish","type":"product","link":"https:\/\/www.colchoneslospinos.com\/?product=tapibase-essence","title":{"rendered":"Tapibase Essence"},"content":{"rendered":"<div class=\"textoFichaDescripcion\"><\/div>\n<div class=\"botonesSocialesFicha\">\n<div id=\"st-1\" class=\"sharethis-inline-follow-buttons st-inline-follow-buttons st-#{action_pos} st-animated\">\n<div class=\"st-btn st-first st-last\" title=\"compartir en INSTAGRAM\" data-network=\"instagram\">\n<div class=\"textoFichaDescripcion\">\n<p>La\u00a0<strong>base tapizada Essence de Sonpura\u00a0<\/strong>es un modelo cl\u00e1sico y funcional. Con estructura de\u00a0<strong>tubo met\u00e1lico<\/strong>\u00a0y tablero de\u00a0<strong>aglomerado de 6 cm.<\/strong>\u00a0de grosor; cuenta adem\u00e1s con\u00a0<strong>5 travesa\u00f1os\u00a0<\/strong>horizontales que le dan la estabilidad y robustez necesarias. Tapizada en el centro con<strong>\u00a0tejido 3D\u00a0<\/strong>transpirable y el contorno con una gran variedad de\u00a0<strong>telas a elegir,\u00a0<\/strong>con cord\u00f3n decorativo.<\/p>\n<p>Cuenta con el sistema patentado\u00a0<strong>BASE-FIX, que minimiza el bamboleo<\/strong>\u00a0de las bases, al enroscar la pata en la base adem\u00e1s de abrazarla.<br \/>\n<strong>Si compras un pack<\/strong>\u00a0\u00abcolch\u00f3n m\u00e1s base tapizada o canap\u00e9 de Sonpura\u00bb tu\u00a0<strong>garant\u00eda\u00a0<\/strong>de compra se ampl\u00eda de 3 a<strong>\u00a05 a\u00f1os<\/strong>, y adem\u00e1s, el\u00a0<strong>descuento de la base<\/strong>\u00a0pasa de un 30% a un\u00a0<strong>45%.<\/strong><\/p>\n<\/div>\n<div class=\"botonesSocialesFicha\">\n<div id=\"st-1\" class=\"sharethis-inline-follow-buttons st-inline-follow-buttons st-#{action_pos} st-animated\">\n<div class=\"st-btn st-first st-last\" title=\"compartir en INSTAGRAM\" data-network=\"instagram\">\n<p><img fetchpriority=\"high\" decoding=\"async\" class=\"\" src=\"https:\/\/www.colchones.es\/galeria\/articulos\/1735_3_sec_2.jpg\" width=\"341\" height=\"197\" \/><\/p>\n<\/div>\n<\/div>\n<\/div>\n<\/div>\n<\/div>\n<\/div>\n","protected":false},"excerpt":{"rendered":"<p>Tapibase ESSENCE<\/p>\n","protected":false},"featured_media":2479,"comment_status":"open","ping_status":"closed","template":"","meta":{"site-sidebar-layout":"default","site-content-layout":"","ast-site-content-layout":"default","site-content-style":"default","site-sidebar-style":"default","ast-global-header-display":"","ast-banner-title-visibility":"","ast-main-header-display":"","ast-hfb-above-header-display":"","ast-hfb-below-header-display":"","ast-hfb-mobile-header-display":"","site-post-title":"","ast-breadcrumbs-content":"","ast-featured-img":"","footer-sml-layout":"","theme-transparent-header-meta":"default","adv-header-id-meta":"","stick-header-meta":"","header-above-stick-meta":"","header-main-stick-meta":"","header-below-stick-meta":"","astra-migrate-meta-layouts":"set","ast-page-background-enabled":"default","ast-page-background-meta":{"desktop":{"background-color":"var(--ast-global-color-5)","background-image":"","background-repeat":"repeat","background-position":"center center","background-size":"auto","background-attachment":"scroll","background-type":"","background-media":"","overlay-type":"","overlay-color":"","overlay-opacity":"","overlay-gradient":""},"tablet":{"background-color":"","background-image":"","background-repeat":"repeat","background-position":"center center","background-size":"auto","background-attachment":"scroll","background-type":"","background-media":"","overlay-type":"","overlay-color":"","overlay-opacity":"","overlay-gradient":""},"mobile":{"background-color":"","background-image":"","background-repeat":"repeat","background-position":"center center","background-size":"auto","background-attachment":"scroll","background-type":"","background-media":"","overlay-type":"","overlay-color":"","overlay-opacity":"","overlay-gradient":""}},"ast-content-background-meta":{"desktop":{"background-color":"var(--ast-global-color-4)","background-image":"","background-repeat":"repeat","background-position":"center center","background-size":"auto","background-attachment":"scroll","background-type":"","background-media":"","overlay-type":"","overlay-color":"","overlay-opacity":"","overlay-gradient":""},"tablet":{"background-color":"var(--ast-global-color-4)","background-image":"","background-repeat":"repeat","background-position":"center center","background-size":"auto","background-attachment":"scroll","background-type":"","background-media":"","overlay-type":"","overlay-color":"","overlay-opacity":"","overlay-gradient":""},"mobile":{"background-color":"var(--ast-global-color-4)","background-image":"","background-repeat":"repeat","background-position":"center center","background-size":"auto","background-attachment":"scroll","background-type":"","background-media":"","overlay-type":"","overlay-color":"","overlay-opacity":"","overlay-gradient":""}}},"product_brand":[49],"product_cat":[52,57],"product_tag":[19],"class_list":{"0":"post-2454","1":"product","2":"type-product","3":"status-publish","4":"has-post-thumbnail","6":"product_brand-sonpura","7":"product_cat-bases","8":"product_cat-somieresybases","9":"product_tag-muelle-ensacado","10":"desktop-align-left","11":"tablet-align-left","12":"mobile-align-left","14":"first","15":"instock","16":"sale","17":"shipping-taxable","18":"purchasable","19":"product-type-variable"},"_links":{"self":[{"href":"https:\/\/www.colchoneslospinos.com\/index.php?rest_route=\/wp\/v2\/product\/2454","targetHints":{"allow":["GET"]}}],"collection":[{"href":"https:\/\/www.colchoneslospinos.com\/index.php?rest_route=\/wp\/v2\/product"}],"about":[{"href":"https:\/\/www.colchoneslospinos.com\/index.php?rest_route=\/wp\/v2\/types\/product"}],"replies":[{"embeddable":true,"href":"https:\/\/www.colchoneslospinos.com\/index.php?rest_route=%2Fwp%2Fv2%2Fcomments&post=2454"}],"wp:featuredmedia":[{"embeddable":true,"href":"https:\/\/www.colchoneslospinos.com\/index.php?rest_route=\/wp\/v2\/media\/2479"}],"wp:attachment":[{"href":"https:\/\/www.colchoneslospinos.com\/index.php?rest_route=%2Fwp%2Fv2%2Fmedia&parent=2454"}],"wp:term":[{"taxonomy":"product_brand","embeddable":true,"href":"https:\/\/www.colchoneslospinos.com\/index.php?rest_route=%2Fwp%2Fv2%2Fproduct_brand&post=2454"},{"taxonomy":"product_cat","embeddable":true,"href":"https:\/\/www.colchoneslospinos.com\/index.php?rest_route=%2Fwp%2Fv2%2Fproduct_cat&post=2454"},{"taxonomy":"product_tag","embeddable":true,"href":"https:\/\/www.colchoneslospinos.com\/index.php?rest_route=%2Fwp%2Fv2%2Fproduct_tag&post=2454"}],"curies":[{"name":"wp","href":"https:\/\/api.w.org\/{rel}","templated":true}]}}