{"id":2482,"date":"2026-05-05T17:01:54","date_gmt":"2026-05-05T15:01:54","guid":{"rendered":"https:\/\/www.colchoneslospinos.com\/?post_type=product&#038;p=2482"},"modified":"2026-05-05T17:47:46","modified_gmt":"2026-05-05T15:47:46","slug":"tapibase-casual","status":"publish","type":"product","link":"https:\/\/www.colchoneslospinos.com\/?product=tapibase-casual","title":{"rendered":"Tapibase Casual"},"content":{"rendered":"<div class=\"textoFichaDescripcion\">\n<p>La\u00a0<strong>base tapizada Casual de Sonpura es de gran solidez<\/strong>, gracias a sus 5 largueros de refuerzo horizontales y su base de 6 cm. de grueso con estructura met\u00e1lica de 1.5 mm. de grosor con<strong>\u00a0acabados anticorrosi\u00f3n<\/strong>\u00a0y tapicer\u00eda en espumaci\u00f3n confortec de 10 mm.\u00a0<strong>Tejido 3D transpirable<\/strong>.<\/p>\n<p>Cuenta con el sistema patentado\u00a0<strong>BASE-FIX, que minimiza el bamboleo<\/strong>\u00a0de las bases, al enroscar la pata en la base adem\u00e1s de abrazarla.<\/p>\n<p><strong>Si compras un pack<\/strong>\u00a0\u00abcolch\u00f3n m\u00e1s base tapizada o canap\u00e9 de Sonpura\u00bb tu\u00a0<strong>garant\u00eda\u00a0<\/strong>de compra se ampl\u00eda de 3 a<strong>\u00a05 a\u00f1os<\/strong>, y adem\u00e1s, el\u00a0<strong>descuento de la base<\/strong>\u00a0pasa de un 30% a un\u00a0<strong>45%.<\/strong><\/p>\n<p><img decoding=\"async\" class=\"alignnone size-medium wp-image-2507\" src=\"https:\/\/www.colchoneslospinos.com\/wp-content\/uploads\/2026\/05\/843_3_sec_7-300x116.webp\" alt=\"\" width=\"300\" height=\"116\" srcset=\"https:\/\/www.colchoneslospinos.com\/wp-content\/uploads\/2026\/05\/843_3_sec_7-300x116.webp 300w, https:\/\/www.colchoneslospinos.com\/wp-content\/uploads\/2026\/05\/843_3_sec_7-768x297.webp 768w, https:\/\/www.colchoneslospinos.com\/wp-content\/uploads\/2026\/05\/843_3_sec_7-600x232.webp 600w, https:\/\/www.colchoneslospinos.com\/wp-content\/uploads\/2026\/05\/843_3_sec_7.webp 853w\" sizes=\"(max-width: 300px) 100vw, 300px\" \/><\/p>\n<\/div>\n","protected":false},"excerpt":{"rendered":"<p>Tapibase CASUAL<\/p>\n","protected":false},"featured_media":2507,"comment_status":"open","ping_status":"closed","template":"","meta":{"site-sidebar-layout":"default","site-content-layout":"","ast-site-content-layout":"default","site-content-style":"default","site-sidebar-style":"default","ast-global-header-display":"","ast-banner-title-visibility":"","ast-main-header-display":"","ast-hfb-above-header-display":"","ast-hfb-below-header-display":"","ast-hfb-mobile-header-display":"","site-post-title":"","ast-breadcrumbs-content":"","ast-featured-img":"","footer-sml-layout":"","theme-transparent-header-meta":"default","adv-header-id-meta":"","stick-header-meta":"","header-above-stick-meta":"","header-main-stick-meta":"","header-below-stick-meta":"","astra-migrate-meta-layouts":"set","ast-page-background-enabled":"default","ast-page-background-meta":{"desktop":{"background-color":"var(--ast-global-color-5)","background-image":"","background-repeat":"repeat","background-position":"center center","background-size":"auto","background-attachment":"scroll","background-type":"","background-media":"","overlay-type":"","overlay-color":"","overlay-opacity":"","overlay-gradient":""},"tablet":{"background-color":"","background-image":"","background-repeat":"repeat","background-position":"center center","background-size":"auto","background-attachment":"scroll","background-type":"","background-media":"","overlay-type":"","overlay-color":"","overlay-opacity":"","overlay-gradient":""},"mobile":{"background-color":"","background-image":"","background-repeat":"repeat","background-position":"center center","background-size":"auto","background-attachment":"scroll","background-type":"","background-media":"","overlay-type":"","overlay-color":"","overlay-opacity":"","overlay-gradient":""}},"ast-content-background-meta":{"desktop":{"background-color":"var(--ast-global-color-4)","background-image":"","background-repeat":"repeat","background-position":"center center","background-size":"auto","background-attachment":"scroll","background-type":"","background-media":"","overlay-type":"","overlay-color":"","overlay-opacity":"","overlay-gradient":""},"tablet":{"background-color":"var(--ast-global-color-4)","background-image":"","background-repeat":"repeat","background-position":"center center","background-size":"auto","background-attachment":"scroll","background-type":"","background-media":"","overlay-type":"","overlay-color":"","overlay-opacity":"","overlay-gradient":""},"mobile":{"background-color":"var(--ast-global-color-4)","background-image":"","background-repeat":"repeat","background-position":"center center","background-size":"auto","background-attachment":"scroll","background-type":"","background-media":"","overlay-type":"","overlay-color":"","overlay-opacity":"","overlay-gradient":""}}},"product_brand":[49],"product_cat":[52,57],"product_tag":[19],"class_list":{"0":"post-2482","1":"product","2":"type-product","3":"status-publish","4":"has-post-thumbnail","6":"product_brand-sonpura","7":"product_cat-bases","8":"product_cat-somieresybases","9":"product_tag-muelle-ensacado","10":"desktop-align-left","11":"tablet-align-left","12":"mobile-align-left","14":"first","15":"instock","16":"sale","17":"shipping-taxable","18":"purchasable","19":"product-type-variable"},"_links":{"self":[{"href":"https:\/\/www.colchoneslospinos.com\/index.php?rest_route=\/wp\/v2\/product\/2482","targetHints":{"allow":["GET"]}}],"collection":[{"href":"https:\/\/www.colchoneslospinos.com\/index.php?rest_route=\/wp\/v2\/product"}],"about":[{"href":"https:\/\/www.colchoneslospinos.com\/index.php?rest_route=\/wp\/v2\/types\/product"}],"replies":[{"embeddable":true,"href":"https:\/\/www.colchoneslospinos.com\/index.php?rest_route=%2Fwp%2Fv2%2Fcomments&post=2482"}],"wp:featuredmedia":[{"embeddable":true,"href":"https:\/\/www.colchoneslospinos.com\/index.php?rest_route=\/wp\/v2\/media\/2507"}],"wp:attachment":[{"href":"https:\/\/www.colchoneslospinos.com\/index.php?rest_route=%2Fwp%2Fv2%2Fmedia&parent=2482"}],"wp:term":[{"taxonomy":"product_brand","embeddable":true,"href":"https:\/\/www.colchoneslospinos.com\/index.php?rest_route=%2Fwp%2Fv2%2Fproduct_brand&post=2482"},{"taxonomy":"product_cat","embeddable":true,"href":"https:\/\/www.colchoneslospinos.com\/index.php?rest_route=%2Fwp%2Fv2%2Fproduct_cat&post=2482"},{"taxonomy":"product_tag","embeddable":true,"href":"https:\/\/www.colchoneslospinos.com\/index.php?rest_route=%2Fwp%2Fv2%2Fproduct_tag&post=2482"}],"curies":[{"name":"wp","href":"https:\/\/api.w.org\/{rel}","templated":true}]}}