{"id":644,"date":"2025-05-05T12:38:50","date_gmt":"2025-05-05T10:38:50","guid":{"rendered":"https:\/\/www.colchoneslospinos.com\/?post_type=product&#038;p=644"},"modified":"2026-04-23T12:26:10","modified_gmt":"2026-04-23T10:26:10","slug":"colchon-game-v10","status":"publish","type":"product","link":"https:\/\/www.colchoneslospinos.com\/?product=colchon-game-v10","title":{"rendered":"Colch\u00f3n Game V10"},"content":{"rendered":"<p>Esta es la<strong>\u00a0versi\u00f3n 2024<\/strong>\u00a0de la colchoneta\u00a0<strong>Game de Sonpura<\/strong>. Con n\u00facleo de\u00a0<strong>muelles ensacados\u00a0<\/strong>y acolchado con\u00a0<strong>Confortec y Microsil<\/strong>, espumaciones que le otorgan un descanso adaptable y c\u00f3modo. Tapizado con\u00a0<strong>Tejido Strech antibacterias y antimanchas<\/strong>. Por sus\u00a0<strong>15 cm. de altura<\/strong>\u00a0es ideal para usar debajo de una\u00a0<strong>cama nido o para habitaciones de invitados.\u00a0<\/strong><\/p>\n<p>Si necesitas un colch\u00f3n de las mismas caracter\u00edsticas pero de\u00a0<strong>altura superior,<\/strong>\u00a0tienes disponible el modelo\u00a0<a href=\"https:\/\/www.colchoneslospinos.com\/?product=colchon-play-v9\" target=\"_blank\" rel=\"noopener\">Play de Sonpura<\/a>, de 21 cm. de grosor.<br \/>\n<strong>Si compras un pack<\/strong>\u00a0\u00abcolch\u00f3n m\u00e1s base tapizada o canap\u00e9 de Sonpura\u00bb tu\u00a0<strong>garant\u00eda\u00a0<\/strong>de compra se ampl\u00eda de 3 a<strong>\u00a05 a\u00f1os<\/strong>, y adem\u00e1s, el\u00a0<strong>descuento del canap\u00e9<\/strong>\u00a0pasa de un 30% a un\u00a0<strong>45%.<\/strong><\/p>\n<p style=\"font-weight: 400;\"><img decoding=\"async\" class=\"alignnone wp-image-660 size-medium\" style=\"font-style: inherit;\" src=\"https:\/\/www.colchoneslospinos.com\/wp-content\/uploads\/2025\/05\/game-300x164.webp\" alt=\"\" width=\"300\" height=\"164\" srcset=\"https:\/\/www.colchoneslospinos.com\/wp-content\/uploads\/2025\/05\/game-300x164.webp 300w, https:\/\/www.colchoneslospinos.com\/wp-content\/uploads\/2025\/05\/game-768x420.webp 768w, https:\/\/www.colchoneslospinos.com\/wp-content\/uploads\/2025\/05\/game-600x328.webp 600w, https:\/\/www.colchoneslospinos.com\/wp-content\/uploads\/2025\/05\/game.webp 853w\" sizes=\"(max-width: 300px) 100vw, 300px\" \/><\/p>\n","protected":false},"excerpt":{"rendered":"<p>Colchon GAME Sonpura<\/p>\n","protected":false},"featured_media":660,"comment_status":"open","ping_status":"closed","template":"","meta":{"site-sidebar-layout":"default","site-content-layout":"","ast-site-content-layout":"default","site-content-style":"default","site-sidebar-style":"default","ast-global-header-display":"","ast-banner-title-visibility":"","ast-main-header-display":"","ast-hfb-above-header-display":"","ast-hfb-below-header-display":"","ast-hfb-mobile-header-display":"","site-post-title":"","ast-breadcrumbs-content":"","ast-featured-img":"","footer-sml-layout":"","theme-transparent-header-meta":"default","adv-header-id-meta":"","stick-header-meta":"","header-above-stick-meta":"","header-main-stick-meta":"","header-below-stick-meta":"","astra-migrate-meta-layouts":"set","ast-page-background-enabled":"default","ast-page-background-meta":{"desktop":{"background-color":"var(--ast-global-color-5)","background-image":"","background-repeat":"repeat","background-position":"center center","background-size":"auto","background-attachment":"scroll","background-type":"","background-media":"","overlay-type":"","overlay-color":"","overlay-opacity":"","overlay-gradient":""},"tablet":{"background-color":"","background-image":"","background-repeat":"repeat","background-position":"center center","background-size":"auto","background-attachment":"scroll","background-type":"","background-media":"","overlay-type":"","overlay-color":"","overlay-opacity":"","overlay-gradient":""},"mobile":{"background-color":"","background-image":"","background-repeat":"repeat","background-position":"center center","background-size":"auto","background-attachment":"scroll","background-type":"","background-media":"","overlay-type":"","overlay-color":"","overlay-opacity":"","overlay-gradient":""}},"ast-content-background-meta":{"desktop":{"background-color":"var(--ast-global-color-4)","background-image":"","background-repeat":"repeat","background-position":"center center","background-size":"auto","background-attachment":"scroll","background-type":"","background-media":"","overlay-type":"","overlay-color":"","overlay-opacity":"","overlay-gradient":""},"tablet":{"background-color":"var(--ast-global-color-4)","background-image":"","background-repeat":"repeat","background-position":"center center","background-size":"auto","background-attachment":"scroll","background-type":"","background-media":"","overlay-type":"","overlay-color":"","overlay-opacity":"","overlay-gradient":""},"mobile":{"background-color":"var(--ast-global-color-4)","background-image":"","background-repeat":"repeat","background-position":"center center","background-size":"auto","background-attachment":"scroll","background-type":"","background-media":"","overlay-type":"","overlay-color":"","overlay-opacity":"","overlay-gradient":""}}},"product_brand":[49],"product_cat":[18,17],"product_tag":[19],"class_list":{"0":"post-644","1":"product","2":"type-product","3":"status-publish","4":"has-post-thumbnail","6":"product_brand-sonpura","7":"product_cat-colchones","8":"product_cat-muelle-ensacado","9":"product_tag-muelle-ensacado","10":"desktop-align-left","11":"tablet-align-left","12":"mobile-align-left","14":"first","15":"instock","16":"sale","17":"shipping-taxable","18":"purchasable","19":"product-type-variable"},"_links":{"self":[{"href":"https:\/\/www.colchoneslospinos.com\/index.php?rest_route=\/wp\/v2\/product\/644","targetHints":{"allow":["GET"]}}],"collection":[{"href":"https:\/\/www.colchoneslospinos.com\/index.php?rest_route=\/wp\/v2\/product"}],"about":[{"href":"https:\/\/www.colchoneslospinos.com\/index.php?rest_route=\/wp\/v2\/types\/product"}],"replies":[{"embeddable":true,"href":"https:\/\/www.colchoneslospinos.com\/index.php?rest_route=%2Fwp%2Fv2%2Fcomments&post=644"}],"wp:featuredmedia":[{"embeddable":true,"href":"https:\/\/www.colchoneslospinos.com\/index.php?rest_route=\/wp\/v2\/media\/660"}],"wp:attachment":[{"href":"https:\/\/www.colchoneslospinos.com\/index.php?rest_route=%2Fwp%2Fv2%2Fmedia&parent=644"}],"wp:term":[{"taxonomy":"product_brand","embeddable":true,"href":"https:\/\/www.colchoneslospinos.com\/index.php?rest_route=%2Fwp%2Fv2%2Fproduct_brand&post=644"},{"taxonomy":"product_cat","embeddable":true,"href":"https:\/\/www.colchoneslospinos.com\/index.php?rest_route=%2Fwp%2Fv2%2Fproduct_cat&post=644"},{"taxonomy":"product_tag","embeddable":true,"href":"https:\/\/www.colchoneslospinos.com\/index.php?rest_route=%2Fwp%2Fv2%2Fproduct_tag&post=644"}],"curies":[{"name":"wp","href":"https:\/\/api.w.org\/{rel}","templated":true}]}}