{"id":687,"date":"2025-05-05T13:20:17","date_gmt":"2025-05-05T11:20:17","guid":{"rendered":"https:\/\/www.colchoneslospinos.com\/?post_type=product&#038;p=687"},"modified":"2026-04-24T12:29:01","modified_gmt":"2026-04-24T10:29:01","slug":"colchon-silence-v1","status":"publish","type":"product","link":"https:\/\/www.colchoneslospinos.com\/?product=colchon-silence-v1","title":{"rendered":"Colch\u00f3n Silence V1"},"content":{"rendered":"<p><strong>Sonpura<\/strong>\u00a0lanza su nueva\u00a0<strong>gama Multiadapt<\/strong>, en la que encontramos el\u00a0<strong>colch\u00f3n Silence<\/strong>.\u00a0Cuenta con un\u00a0<strong>n\u00facleo de HR Flexitech de 30 Kg\/m3<\/strong>\u00a0de densidad, que aporta una estabilidad y soporte adecuados.\u00a0Acolchado con una capa de\u00a0<strong>Viscloud<\/strong>\u00a0de 50 Kg\/m3 y otra de<strong>\u00a0Viscoel\u00e1stica<\/strong>, que se adaptan al cuerpo y reducen los puntos de presi\u00f3n.<\/p>\n<p>&nbsp;<\/p>\n<p>Tapizado en la cara superior con\u00a0<strong>tejido Viscosa natural<\/strong>, que aporta frescor y suavidad; y en la cara inferior con\u00a0<strong>tejido 3D\u00a0<\/strong>transpirable. Tiene una firmeza de 4 sobre 6, por lo que lo consideramos\u00a0<strong>medio-duro<\/strong>\u00a0y un grosor de\u00a0<strong>29 cm<\/strong>. Por sus materiales y caracter\u00edsticas es adecuado para durmientes de\u00a0<strong>hasta 120 Kg.<br \/>\n<\/strong><strong>Si compras un pack<\/strong>\u00a0\u00abcolch\u00f3n m\u00e1s base tapizada o canap\u00e9 de Sonpura\u00bb tu\u00a0<strong>garant\u00eda\u00a0<\/strong>de compra se ampl\u00eda de 3 a<strong>\u00a05 a\u00f1os<\/strong>, y adem\u00e1s, el\u00a0<strong>descuento del canap\u00e9<\/strong>\u00a0pasa de un 30% a un\u00a0<strong>45%.<\/strong><\/p>\n<p style=\"font-weight: 400;\"><img fetchpriority=\"high\" decoding=\"async\" class=\"alignnone wp-image-712 size-medium\" style=\"font-style: inherit;\" src=\"https:\/\/www.colchoneslospinos.com\/wp-content\/uploads\/2025\/05\/silence-300x184.webp\" alt=\"\" width=\"300\" height=\"184\" srcset=\"https:\/\/www.colchoneslospinos.com\/wp-content\/uploads\/2025\/05\/silence-300x184.webp 300w, https:\/\/www.colchoneslospinos.com\/wp-content\/uploads\/2025\/05\/silence-768x470.webp 768w, https:\/\/www.colchoneslospinos.com\/wp-content\/uploads\/2025\/05\/silence-600x367.webp 600w, https:\/\/www.colchoneslospinos.com\/wp-content\/uploads\/2025\/05\/silence.webp 853w\" sizes=\"(max-width: 300px) 100vw, 300px\" \/><\/p>\n","protected":false},"excerpt":{"rendered":"<p>Colchon SILENCE Sonpura<\/p>\n","protected":false},"featured_media":712,"comment_status":"open","ping_status":"closed","template":"","meta":{"site-sidebar-layout":"default","site-content-layout":"","ast-site-content-layout":"default","site-content-style":"default","site-sidebar-style":"default","ast-global-header-display":"","ast-banner-title-visibility":"","ast-main-header-display":"","ast-hfb-above-header-display":"","ast-hfb-below-header-display":"","ast-hfb-mobile-header-display":"","site-post-title":"","ast-breadcrumbs-content":"","ast-featured-img":"","footer-sml-layout":"","theme-transparent-header-meta":"default","adv-header-id-meta":"","stick-header-meta":"","header-above-stick-meta":"","header-main-stick-meta":"","header-below-stick-meta":"","astra-migrate-meta-layouts":"set","ast-page-background-enabled":"default","ast-page-background-meta":{"desktop":{"background-color":"var(--ast-global-color-5)","background-image":"","background-repeat":"repeat","background-position":"center center","background-size":"auto","background-attachment":"scroll","background-type":"","background-media":"","overlay-type":"","overlay-color":"","overlay-opacity":"","overlay-gradient":""},"tablet":{"background-color":"","background-image":"","background-repeat":"repeat","background-position":"center center","background-size":"auto","background-attachment":"scroll","background-type":"","background-media":"","overlay-type":"","overlay-color":"","overlay-opacity":"","overlay-gradient":""},"mobile":{"background-color":"","background-image":"","background-repeat":"repeat","background-position":"center center","background-size":"auto","background-attachment":"scroll","background-type":"","background-media":"","overlay-type":"","overlay-color":"","overlay-opacity":"","overlay-gradient":""}},"ast-content-background-meta":{"desktop":{"background-color":"var(--ast-global-color-4)","background-image":"","background-repeat":"repeat","background-position":"center center","background-size":"auto","background-attachment":"scroll","background-type":"","background-media":"","overlay-type":"","overlay-color":"","overlay-opacity":"","overlay-gradient":""},"tablet":{"background-color":"var(--ast-global-color-4)","background-image":"","background-repeat":"repeat","background-position":"center center","background-size":"auto","background-attachment":"scroll","background-type":"","background-media":"","overlay-type":"","overlay-color":"","overlay-opacity":"","overlay-gradient":""},"mobile":{"background-color":"var(--ast-global-color-4)","background-image":"","background-repeat":"repeat","background-position":"center center","background-size":"auto","background-attachment":"scroll","background-type":"","background-media":"","overlay-type":"","overlay-color":"","overlay-opacity":"","overlay-gradient":""}}},"product_brand":[49],"product_cat":[18,54],"product_tag":[19],"class_list":{"0":"post-687","1":"product","2":"type-product","3":"status-publish","4":"has-post-thumbnail","6":"product_brand-sonpura","7":"product_cat-colchones","8":"product_cat-espumacion-hr","9":"product_tag-muelle-ensacado","10":"desktop-align-left","11":"tablet-align-left","12":"mobile-align-left","14":"first","15":"instock","16":"sale","17":"shipping-taxable","18":"purchasable","19":"product-type-variable"},"_links":{"self":[{"href":"https:\/\/www.colchoneslospinos.com\/index.php?rest_route=\/wp\/v2\/product\/687","targetHints":{"allow":["GET"]}}],"collection":[{"href":"https:\/\/www.colchoneslospinos.com\/index.php?rest_route=\/wp\/v2\/product"}],"about":[{"href":"https:\/\/www.colchoneslospinos.com\/index.php?rest_route=\/wp\/v2\/types\/product"}],"replies":[{"embeddable":true,"href":"https:\/\/www.colchoneslospinos.com\/index.php?rest_route=%2Fwp%2Fv2%2Fcomments&post=687"}],"wp:featuredmedia":[{"embeddable":true,"href":"https:\/\/www.colchoneslospinos.com\/index.php?rest_route=\/wp\/v2\/media\/712"}],"wp:attachment":[{"href":"https:\/\/www.colchoneslospinos.com\/index.php?rest_route=%2Fwp%2Fv2%2Fmedia&parent=687"}],"wp:term":[{"taxonomy":"product_brand","embeddable":true,"href":"https:\/\/www.colchoneslospinos.com\/index.php?rest_route=%2Fwp%2Fv2%2Fproduct_brand&post=687"},{"taxonomy":"product_cat","embeddable":true,"href":"https:\/\/www.colchoneslospinos.com\/index.php?rest_route=%2Fwp%2Fv2%2Fproduct_cat&post=687"},{"taxonomy":"product_tag","embeddable":true,"href":"https:\/\/www.colchoneslospinos.com\/index.php?rest_route=%2Fwp%2Fv2%2Fproduct_tag&post=687"}],"curies":[{"name":"wp","href":"https:\/\/api.w.org\/{rel}","templated":true}]}}