{"id":884,"date":"2025-05-06T13:21:57","date_gmt":"2025-05-06T11:21:57","guid":{"rendered":"https:\/\/www.colchoneslospinos.com\/?post_type=product&#038;p=884"},"modified":"2025-05-06T14:11:57","modified_gmt":"2025-05-06T12:11:57","slug":"canape-nuit-v1","status":"publish","type":"product","link":"https:\/\/www.colchoneslospinos.com\/?product=canape-nuit-v1","title":{"rendered":"Canape Nuit V1"},"content":{"rendered":"<p>El<strong>\u00a0canap\u00e9 abatible Nuit de Sonpura<\/strong>, cuenta con\u00a0una<strong>\u00a0<\/strong>estructura con\u00a0<strong>acabado de madera de 3 cm.<\/strong>\u00a0de grosor y una\u00a0<strong>tapa<\/strong>\u00a0tapizada con\u00a0<strong>tejido 3D antideslizante<\/strong>\u00a0y opci\u00f3n de<strong>\u00a0per\u00edmetro tapizado.\u00a0<\/strong>Presenta unas\u00a0<strong>patas met\u00e1licas<\/strong>\u00a0de 12 cm. de altura que le dan un estilo diferente. Su\u00a0<strong>altura total\u00a0<\/strong>es de\u00a0<strong>24 cm.<\/strong>\u00a0y el\u00a0<strong>hueco interior \u00fatil<\/strong>\u00a0del canap\u00e9 es de\u00a0<strong>17 cm.<\/strong>\u00a0Disponible en<strong>\u00a05 acabados<\/strong>\u00a0de madera.<\/p>\n<p>&nbsp;<\/p>\n<p>La tapa. de 6 cm. de grosor tiene una\u00a0<strong>estructura met\u00e1lica<\/strong>\u00a0y travesa\u00f1os de refuerzo, que ofrecen estabilidad y durabilidad. Cuenta con un\u00a0<strong>tirador metalizado,<\/strong>\u00a0rebaje integrado en el caj\u00f3n, para facilitar su apertura.<strong>\u00a0<\/strong>Adem\u00e1s en la cesta de la compra podr\u00e1s a\u00f1adir complementos como la\u00a0<strong>tapa partida<\/strong>\u00a0(medidas de 135 a 160 cm.) o un sistema de\u00a0<strong>doble pist\u00f3n<\/strong>\u00a0para facilitar la apertura de la tapa.<\/p>\n<p>&nbsp;<\/p>\n<p><strong>Si compras un pack<\/strong>\u00a0\u00abcolch\u00f3n m\u00e1s base tapizada o canap\u00e9 de Sonpura\u00bb tu\u00a0<strong>garant\u00eda\u00a0<\/strong>de compra se ampl\u00eda de 3 a<strong>\u00a05 a\u00f1os<\/strong>, y adem\u00e1s, el\u00a0<strong>descuento del canap\u00e9<\/strong>\u00a0pasa de un 30% a un\u00a0<strong>45%.<\/strong><\/p>\n<p style=\"font-weight: 400;\"><img decoding=\"async\" class=\"alignnone wp-image-896 size-medium\" style=\"font-style: inherit;\" src=\"https:\/\/www.colchoneslospinos.com\/wp-content\/uploads\/2025\/05\/nuit-300x139.webp\" alt=\"\" width=\"300\" height=\"139\" srcset=\"https:\/\/www.colchoneslospinos.com\/wp-content\/uploads\/2025\/05\/nuit-300x139.webp 300w, https:\/\/www.colchoneslospinos.com\/wp-content\/uploads\/2025\/05\/nuit-768x355.webp 768w, https:\/\/www.colchoneslospinos.com\/wp-content\/uploads\/2025\/05\/nuit-600x277.webp 600w, https:\/\/www.colchoneslospinos.com\/wp-content\/uploads\/2025\/05\/nuit.webp 853w\" sizes=\"(max-width: 300px) 100vw, 300px\" \/><\/p>\n","protected":false},"excerpt":{"rendered":"<p>Colchon Bloom Sonpura<\/p>\n","protected":false},"featured_media":896,"comment_status":"open","ping_status":"closed","template":"","meta":{"site-sidebar-layout":"default","site-content-layout":"","ast-site-content-layout":"default","site-content-style":"default","site-sidebar-style":"default","ast-global-header-display":"","ast-banner-title-visibility":"","ast-main-header-display":"","ast-hfb-above-header-display":"","ast-hfb-below-header-display":"","ast-hfb-mobile-header-display":"","site-post-title":"","ast-breadcrumbs-content":"","ast-featured-img":"","footer-sml-layout":"","theme-transparent-header-meta":"default","adv-header-id-meta":"","stick-header-meta":"","header-above-stick-meta":"","header-main-stick-meta":"","header-below-stick-meta":"","astra-migrate-meta-layouts":"set","ast-page-background-enabled":"default","ast-page-background-meta":{"desktop":{"background-color":"var(--ast-global-color-5)","background-image":"","background-repeat":"repeat","background-position":"center center","background-size":"auto","background-attachment":"scroll","background-type":"","background-media":"","overlay-type":"","overlay-color":"","overlay-opacity":"","overlay-gradient":""},"tablet":{"background-color":"","background-image":"","background-repeat":"repeat","background-position":"center center","background-size":"auto","background-attachment":"scroll","background-type":"","background-media":"","overlay-type":"","overlay-color":"","overlay-opacity":"","overlay-gradient":""},"mobile":{"background-color":"","background-image":"","background-repeat":"repeat","background-position":"center center","background-size":"auto","background-attachment":"scroll","background-type":"","background-media":"","overlay-type":"","overlay-color":"","overlay-opacity":"","overlay-gradient":""}},"ast-content-background-meta":{"desktop":{"background-color":"var(--ast-global-color-4)","background-image":"","background-repeat":"repeat","background-position":"center center","background-size":"auto","background-attachment":"scroll","background-type":"","background-media":"","overlay-type":"","overlay-color":"","overlay-opacity":"","overlay-gradient":""},"tablet":{"background-color":"var(--ast-global-color-4)","background-image":"","background-repeat":"repeat","background-position":"center center","background-size":"auto","background-attachment":"scroll","background-type":"","background-media":"","overlay-type":"","overlay-color":"","overlay-opacity":"","overlay-gradient":""},"mobile":{"background-color":"var(--ast-global-color-4)","background-image":"","background-repeat":"repeat","background-position":"center center","background-size":"auto","background-attachment":"scroll","background-type":"","background-media":"","overlay-type":"","overlay-color":"","overlay-opacity":"","overlay-gradient":""}}},"product_brand":[49],"product_cat":[52,56],"product_tag":[63],"class_list":{"0":"post-884","1":"product","2":"type-product","3":"status-publish","4":"has-post-thumbnail","6":"product_brand-sonpura","7":"product_cat-bases","8":"product_cat-canapes","9":"product_tag-bases","10":"desktop-align-left","11":"tablet-align-left","12":"mobile-align-left","14":"first","15":"instock","16":"sale","17":"shipping-taxable","18":"purchasable","19":"product-type-variable"},"_links":{"self":[{"href":"https:\/\/www.colchoneslospinos.com\/index.php?rest_route=\/wp\/v2\/product\/884","targetHints":{"allow":["GET"]}}],"collection":[{"href":"https:\/\/www.colchoneslospinos.com\/index.php?rest_route=\/wp\/v2\/product"}],"about":[{"href":"https:\/\/www.colchoneslospinos.com\/index.php?rest_route=\/wp\/v2\/types\/product"}],"replies":[{"embeddable":true,"href":"https:\/\/www.colchoneslospinos.com\/index.php?rest_route=%2Fwp%2Fv2%2Fcomments&post=884"}],"wp:featuredmedia":[{"embeddable":true,"href":"https:\/\/www.colchoneslospinos.com\/index.php?rest_route=\/wp\/v2\/media\/896"}],"wp:attachment":[{"href":"https:\/\/www.colchoneslospinos.com\/index.php?rest_route=%2Fwp%2Fv2%2Fmedia&parent=884"}],"wp:term":[{"taxonomy":"product_brand","embeddable":true,"href":"https:\/\/www.colchoneslospinos.com\/index.php?rest_route=%2Fwp%2Fv2%2Fproduct_brand&post=884"},{"taxonomy":"product_cat","embeddable":true,"href":"https:\/\/www.colchoneslospinos.com\/index.php?rest_route=%2Fwp%2Fv2%2Fproduct_cat&post=884"},{"taxonomy":"product_tag","embeddable":true,"href":"https:\/\/www.colchoneslospinos.com\/index.php?rest_route=%2Fwp%2Fv2%2Fproduct_tag&post=884"}],"curies":[{"name":"wp","href":"https:\/\/api.w.org\/{rel}","templated":true}]}}